{"id":1542,"date":"2024-03-11T15:46:39","date_gmt":"2024-03-11T18:46:39","guid":{"rendered":"https:\/\/teste.flordelotusdigital.com.br\/?page_id=1542"},"modified":"2024-03-12T09:52:12","modified_gmt":"2024-03-12T12:52:12","slug":"faq","status":"publish","type":"page","link":"https:\/\/teste.flordelotusdigital.com.br\/index.php\/faq\/","title":{"rendered":"FAQ"},"content":{"rendered":"\t\t<div data-elementor-type=\"wp-page\" data-elementor-id=\"1542\" class=\"elementor elementor-1542\" data-elementor-post-type=\"page\">\n\t\t\t\t\t\t<section data-particle_enable=\"false\" data-particle-mobile-disabled=\"false\" class=\"elementor-section elementor-top-section elementor-element elementor-element-7ad3d08b elementor-section-full_width elementor-section-content-middle elementor-section-height-default elementor-section-height-default\" data-id=\"7ad3d08b\" data-element_type=\"section\" data-settings=\"{&quot;background_background&quot;:&quot;classic&quot;}\">\n\t\t\t\t\t\t<div class=\"elementor-container elementor-column-gap-no\">\n\t\t\t\t\t<div class=\"elementor-column elementor-col-50 elementor-top-column elementor-element elementor-element-4aebde18 elementor-invisible\" data-id=\"4aebde18\" data-element_type=\"column\" data-settings=\"{&quot;animation&quot;:&quot;fadeInLeft&quot;}\">\n\t\t\t<div class=\"elementor-widget-wrap elementor-element-populated\">\n\t\t\t\t\t\t<div class=\"elementor-element elementor-element-2f435169 elementor-widget elementor-widget-image\" data-id=\"2f435169\" data-element_type=\"widget\" data-widget_type=\"image.default\">\n\t\t\t\t<div class=\"elementor-widget-container\">\n\t\t\t\t\t\t\t\t\t\t\t\t\t<img fetchpriority=\"high\" decoding=\"async\" width=\"923\" height=\"700\" src=\"https:\/\/teste.flordelotusdigital.com.br\/wp-content\/uploads\/2024\/02\/9693b306-group-2-1.png\" class=\"attachment-full size-full wp-image-1353 lazyload\" alt=\"\" srcset=\"data:image\/svg+xml,%3Csvg%20xmlns%3D%27http%3A%2F%2Fwww.w3.org%2F2000%2Fsvg%27%20width%3D%27923%27%20height%3D%27700%27%20viewBox%3D%270%200%20923%20700%27%3E%3Crect%20width%3D%27923%27%20height%3D%27700%27%20fill-opacity%3D%220%22%2F%3E%3C%2Fsvg%3E\" data-orig-src=\"https:\/\/teste.flordelotusdigital.com.br\/wp-content\/uploads\/2024\/02\/9693b306-group-2-1.png\" data-srcset=\"https:\/\/teste.flordelotusdigital.com.br\/wp-content\/uploads\/2024\/02\/9693b306-group-2-1-300x228.png 300w, https:\/\/teste.flordelotusdigital.com.br\/wp-content\/uploads\/2024\/02\/9693b306-group-2-1-768x582.png 768w, https:\/\/teste.flordelotusdigital.com.br\/wp-content\/uploads\/2024\/02\/9693b306-group-2-1.png 923w\" data-sizes=\"auto\" \/>\t\t\t\t\t\t\t\t\t\t\t\t\t<\/div>\n\t\t\t\t<\/div>\n\t\t\t\t\t<\/div>\n\t\t<\/div>\n\t\t\t\t<div class=\"elementor-column elementor-col-50 elementor-top-column elementor-element elementor-element-6d4bdc2b elementor-invisible\" data-id=\"6d4bdc2b\" data-element_type=\"column\" data-settings=\"{&quot;animation&quot;:&quot;fadeInRight&quot;}\">\n\t\t\t<div class=\"elementor-widget-wrap elementor-element-populated\">\n\t\t\t\t\t\t<div class=\"elementor-element elementor-element-def9794 elementor-widget__width-initial elementor-widget-tablet__width-inherit elementor-widget elementor-widget-heading\" data-id=\"def9794\" data-element_type=\"widget\" data-widget_type=\"heading.default\">\n\t\t\t\t<div class=\"elementor-widget-container\">\n\t\t\t<h2 class=\"elementor-heading-title elementor-size-default\">D\u00favidas Frequentes<\/h2>\t\t<\/div>\n\t\t\t\t<\/div>\n\t\t\t\t<div class=\"elementor-element elementor-element-643f4281 elementor-widget elementor-widget-spacer\" data-id=\"643f4281\" data-element_type=\"widget\" data-widget_type=\"spacer.default\">\n\t\t\t\t<div class=\"elementor-widget-container\">\n\t\t\t\t\t<div class=\"elementor-spacer\">\n\t\t\t<div class=\"elementor-spacer-inner\"><\/div>\n\t\t<\/div>\n\t\t\t\t<\/div>\n\t\t\t\t<\/div>\n\t\t\t\t<div class=\"elementor-element elementor-element-67f7cc23 elementor-widget__width-initial elementor-widget-tablet__width-inherit elementor-widget elementor-widget-eael-adv-accordion\" data-id=\"67f7cc23\" data-element_type=\"widget\" data-widget_type=\"eael-adv-accordion.default\">\n\t\t\t\t<div class=\"elementor-widget-container\">\n\t\t\t        <div class=\"eael-adv-accordion\" id=\"eael-adv-accordion-67f7cc23\" data-scroll-on-click=\"no\" data-scroll-speed=\"300\" data-accordion-id=\"67f7cc23\" data-accordion-type=\"accordion\" data-toogle-speed=\"300\">\n    <div class=\"eael-accordion-list\">\n                <div id=\"o-que-o-home-care-e-como-contratar\" class=\"elementor-tab-title eael-accordion-header active-default\" tabindex=\"0\" data-tab=\"1\" aria-controls=\"elementor-tab-content-1741\"><span class=\"eael-accordion-tab-title\">O que \u00e9 o Home Care e como contratar?<\/span><svg aria-hidden=\"true\" class=\"fa-toggle e-font-icon-svg e-fas-plus\" viewBox=\"0 0 448 512\" xmlns=\"http:\/\/www.w3.org\/2000\/svg\"><path d=\"M416 208H272V64c0-17.67-14.33-32-32-32h-32c-17.67 0-32 14.33-32 32v144H32c-17.67 0-32 14.33-32 32v32c0 17.67 14.33 32 32 32h144v144c0 17.67 14.33 32 32 32h32c17.67 0 32-14.33 32-32V304h144c17.67 0 32-14.33 32-32v-32c0-17.67-14.33-32-32-32z\"><\/path><\/svg><\/div><div id=\"elementor-tab-content-1741\" class=\"eael-accordion-content clearfix active-default\" data-tab=\"1\" aria-labelledby=\"o-que-o-home-care-e-como-contratar\"><p><span style=\"font-weight: 400;\">Esse tipo de tratamento significa cuidado em casa.<\/span><\/p><p><span style=\"font-weight: 400;\">Quando h\u00e1 a prescri\u00e7\u00e3o <\/span><span style=\"font-weight: 400;\">m\u00e9dica para o paciente continuar o seu tratamento m\u00e9dico em sua\u00a0<\/span><span style=\"font-weight: 400;\">resid\u00eancia.<\/span><\/p><p><span style=\"font-weight: 400;\">O objetivo \u00e9, principalmente, oferecer ao paciente mais conforto <\/span><span style=\"font-weight: 400;\">durante o tratamento. Permitindo, portanto, que toda a assist\u00eancia seja\u00a0<\/span><span style=\"font-weight: 400;\">realizada em sua pr\u00f3pria casa. <\/span><\/p><p><span style=\"font-weight: 400;\">Desta forma, para que possa ser viabilizado um <\/span><span style=\"font-weight: 400;\">tratamento home care \u00e9 fundamental que haja um suporte especializado. Ou <\/span><span style=\"font-weight: 400;\">seja, o paciente poder\u00e1, conforme sua necessidade, ainda receber visitas <\/span><span style=\"font-weight: 400;\">regularmente de uma equipemultiprofissional, com enfermeiros,\u00a0<\/span><span style=\"font-weight: 400;\">fisioterapeuta, fonoaudi\u00f3logos, m\u00e9dicos e nutricionistas, psic\u00f3logos, <\/span><span style=\"font-weight: 400;\">terapeuta ocupacional \u2014 al\u00e9m de contar com uma estrutura ambulatorial \u00e0 sua <\/span><span style=\"font-weight: 400;\">disposi\u00e7\u00e3o.<\/span><\/p><\/div>\n                <\/div><div class=\"eael-accordion-list\">\n                <div id=\"que-tipo-de-paciente-pode-receber-o-home-care\" class=\"elementor-tab-title eael-accordion-header\" tabindex=\"0\" data-tab=\"2\" aria-controls=\"elementor-tab-content-1742\"><span class=\"eael-accordion-tab-title\">Que tipo de paciente pode receber o Home Care?<\/span><svg aria-hidden=\"true\" class=\"fa-toggle e-font-icon-svg e-fas-plus\" viewBox=\"0 0 448 512\" xmlns=\"http:\/\/www.w3.org\/2000\/svg\"><path d=\"M416 208H272V64c0-17.67-14.33-32-32-32h-32c-17.67 0-32 14.33-32 32v144H32c-17.67 0-32 14.33-32 32v32c0 17.67 14.33 32 32 32h144v144c0 17.67 14.33 32 32 32h32c17.67 0 32-14.33 32-32V304h144c17.67 0 32-14.33 32-32v-32c0-17.67-14.33-32-32-32z\"><\/path><\/svg><\/div><div id=\"elementor-tab-content-1742\" class=\"eael-accordion-content clearfix\" data-tab=\"2\" aria-labelledby=\"que-tipo-de-paciente-pode-receber-o-home-care\"><p><span style=\"font-weight: 400;\">Pacientes de todas as idades (pedi\u00e1tricos, adultos e idosos) que apresentem:\u00a0 <\/span><span style=\"font-weight: 400;\">quadros cl\u00ednico simples ou complexos, por\u00e9m est\u00e1veis, e j\u00e1 possuam\u00a0<\/span><span style=\"font-weight: 400;\">diagn\u00f3stico e tratamento definidos sem a necessidade cont\u00ednua de assist\u00eancia\u00a0<\/span><span style=\"font-weight: 400;\">m\u00e9dica 24 horas.<\/span><\/p><p><span style=\"font-weight: 400;\">\u00c9 preciso ter a indica\u00e7\u00e3o dos procedimentos por escrito do m\u00e9dico respons\u00e1vel <\/span><span style=\"font-weight: 400;\">pelo paciente e boas condi\u00e7\u00f5es em seu domic\u00edlio para a presta\u00e7\u00e3o do servi\u00e7o,\u00a0<\/span><span style=\"font-weight: 400;\">como higiene, acesso e estrutura el\u00e9trica.<\/span><\/p><\/div>\n                <\/div><div class=\"eael-accordion-list\">\n                <div id=\"o-que-inteno-hospitalar\" class=\"elementor-tab-title eael-accordion-header\" tabindex=\"0\" data-tab=\"3\" aria-controls=\"elementor-tab-content-1743\"><span class=\"eael-accordion-tab-title\">O que \u00e9 inten\u00e7\u00e3o hospitalar?<\/span><svg aria-hidden=\"true\" class=\"fa-toggle e-font-icon-svg e-fas-plus\" viewBox=\"0 0 448 512\" xmlns=\"http:\/\/www.w3.org\/2000\/svg\"><path d=\"M416 208H272V64c0-17.67-14.33-32-32-32h-32c-17.67 0-32 14.33-32 32v144H32c-17.67 0-32 14.33-32 32v32c0 17.67 14.33 32 32 32h144v144c0 17.67 14.33 32 32 32h32c17.67 0 32-14.33 32-32V304h144c17.67 0 32-14.33 32-32v-32c0-17.67-14.33-32-32-32z\"><\/path><\/svg><\/div><div id=\"elementor-tab-content-1743\" class=\"eael-accordion-content clearfix\" data-tab=\"3\" aria-labelledby=\"o-que-inteno-hospitalar\"><p><span style=\"font-weight: 400;\">J\u00e1 a interna\u00e7\u00e3o \u00e9 voltada para pacientes de m\u00e9dia e alta complexidade, que n\u00e3o\u00a0<\/span><span style=\"font-weight: 400;\">poderiam ter alta do hospital sem um suporte tanto de profissionais quanto de\u00a0<\/span><span style=\"font-weight: 400;\">equipamentos e medicamentos. <\/span><\/p><p><span style=\"font-weight: 400;\">Ou seja, s\u00e3o pacientes em situa\u00e7\u00f5es mais delicadas,\u00a0<\/span><span style=\"font-weight: 400;\">que n\u00e3o podem ser cuidados apenas por familiares e\/ou leigos.<\/span><\/p><\/div>\n                <\/div><div class=\"eael-accordion-list\">\n                <div id=\"qual-a-diferena-entre-cuidador-e-tcnico-de-enfermagem\" class=\"elementor-tab-title eael-accordion-header\" tabindex=\"0\" data-tab=\"4\" aria-controls=\"elementor-tab-content-1744\"><span class=\"eael-accordion-tab-title\">Qual a diferen\u00e7a entre cuidador e t\u00e9cnico de enfermagem?<\/span><svg aria-hidden=\"true\" class=\"fa-toggle e-font-icon-svg e-fas-plus\" viewBox=\"0 0 448 512\" xmlns=\"http:\/\/www.w3.org\/2000\/svg\"><path d=\"M416 208H272V64c0-17.67-14.33-32-32-32h-32c-17.67 0-32 14.33-32 32v144H32c-17.67 0-32 14.33-32 32v32c0 17.67 14.33 32 32 32h144v144c0 17.67 14.33 32 32 32h32c17.67 0 32-14.33 32-32V304h144c17.67 0 32-14.33 32-32v-32c0-17.67-14.33-32-32-32z\"><\/path><\/svg><\/div><div id=\"elementor-tab-content-1744\" class=\"eael-accordion-content clearfix\" data-tab=\"4\" aria-labelledby=\"qual-a-diferena-entre-cuidador-e-tcnico-de-enfermagem\"><p><span style=\"font-weight: 400;\">O t\u00e9cnico \u00e9 um profissional que realizou um curso de prepara\u00e7\u00e3o por, no m\u00ednimo, dois\u00a0<\/span><span style=\"font-weight: 400;\">anos para executar sua atividade profissional. <\/span><\/p><p><span style=\"font-weight: 400;\">Ele realiza procedimentos t\u00e9cnicos com\u00a0<\/span><span style=\"font-weight: 400;\">o paciente, como: administra\u00e7\u00e3o de medica\u00e7\u00f5es endovenosas e intramusculares,\u00a0<\/span><span style=\"font-weight: 400;\">aspira\u00e7\u00e3o de vias \u00e1reas, realiza\u00e7\u00e3o de curativos complexos, entre outros.<\/span><\/p><p><span style=\"font-weight: 400;\">O cuidador \u00e9 um profissional que realizou um curso de curta dura\u00e7\u00e3o e se capacita\u00a0<\/span><span style=\"font-weight: 400;\">para acompanhar o paciente e atender suas necessidades b\u00e1sicas como banho,\u00a0<\/span><span style=\"font-weight: 400;\">hidrata\u00e7\u00e3o da pele, alimenta\u00e7\u00e3o, aux\u00edlio para andar, mudan\u00e7a de posi\u00e7\u00e3o no leito, entre\u00a0<\/span><span style=\"font-weight: 400;\">outros. <\/span><\/p><p><span style=\"font-weight: 400;\">O cuidador tamb\u00e9m pode ser um familiar que oferece esse mesmo apoio ao\u00a0<\/span><span style=\"font-weight: 400;\">paciente, por exemplo.<\/span><\/p><\/div>\n                <\/div><div class=\"eael-accordion-list\">\n                <div id=\"a-salud-home-care-faz-a-desospitalizao-do-paciente\" class=\"elementor-tab-title eael-accordion-header\" tabindex=\"0\" data-tab=\"5\" aria-controls=\"elementor-tab-content-1745\"><span class=\"eael-advanced-accordion-icon-closed\"><svg aria-hidden=\"true\" class=\"fa-accordion-icon e-font-icon-svg e-fas-plus\" viewBox=\"0 0 448 512\" xmlns=\"http:\/\/www.w3.org\/2000\/svg\"><path d=\"M416 208H272V64c0-17.67-14.33-32-32-32h-32c-17.67 0-32 14.33-32 32v144H32c-17.67 0-32 14.33-32 32v32c0 17.67 14.33 32 32 32h144v144c0 17.67 14.33 32 32 32h32c17.67 0 32-14.33 32-32V304h144c17.67 0 32-14.33 32-32v-32c0-17.67-14.33-32-32-32z\"><\/path><\/svg><\/span><span class=\"eael-advanced-accordion-icon-opened\"><svg aria-hidden=\"true\" class=\"fa-accordion-icon e-font-icon-svg e-fas-minus\" viewBox=\"0 0 448 512\" xmlns=\"http:\/\/www.w3.org\/2000\/svg\"><path d=\"M416 208H32c-17.67 0-32 14.33-32 32v32c0 17.67 14.33 32 32 32h384c17.67 0 32-14.33 32-32v-32c0-17.67-14.33-32-32-32z\"><\/path><\/svg><\/span><span class=\"eael-accordion-tab-title\">A SALUD home care faz a desospitaliza\u00e7\u00e3o do paciente?<\/span><svg aria-hidden=\"true\" class=\"fa-toggle e-font-icon-svg e-fas-plus\" viewBox=\"0 0 448 512\" xmlns=\"http:\/\/www.w3.org\/2000\/svg\"><path d=\"M416 208H272V64c0-17.67-14.33-32-32-32h-32c-17.67 0-32 14.33-32 32v144H32c-17.67 0-32 14.33-32 32v32c0 17.67 14.33 32 32 32h144v144c0 17.67 14.33 32 32 32h32c17.67 0 32-14.33 32-32V304h144c17.67 0 32-14.33 32-32v-32c0-17.67-14.33-32-32-32z\"><\/path><\/svg><\/div><div id=\"elementor-tab-content-1745\" class=\"eael-accordion-content clearfix\" data-tab=\"5\" aria-labelledby=\"a-salud-home-care-faz-a-desospitalizao-do-paciente\"><p><span style=\"font-weight: 400;\">Sim. A desospitaliza\u00e7\u00e3o \u00e9 um processo que consiste na retirada do paciente do\u00a0<\/span><span style=\"font-weight: 400;\">ambiente hospitalar para prosseguir com um tratamento domiciliar. Ela promove\u00a0<\/span><span style=\"font-weight: 400;\">benef\u00edcios tanto para a institui\u00e7\u00e3o hospitalar quanto ao paciente. A monitora\u00e7\u00e3o de\u00a0<\/span><span style=\"font-weight: 400;\">pacientes em ambiente domiciliar evita a exposi\u00e7\u00e3o a infec\u00e7\u00f5es e outras doen\u00e7as.<\/span><\/p><p><span style=\"font-weight: 400;\">A\u00a0<\/span><span style=\"font-weight: 400;\">ATS realiza a desospitaliza\u00e7\u00e3o de pacientes com agilidade e seguran\u00e7a.<\/span><\/p><p><span style=\"font-weight: 400;\">No ambiente domiciliar e com o atendimento de nossa equipe multidisciplinar,\u00a0<\/span><span style=\"font-weight: 400;\">realizamos procedimentos de enfermagem e terapias com o objetivo de garantir a\u00a0<\/span><span style=\"font-weight: 400;\">continuidade do cuidado de um ambiente hospitalar, e o fornecimento de\u00a0<\/span><span style=\"font-weight: 400;\">equipamentos, mobili\u00e1rios, materiais e medicamentos.\u00a0\u00a0<\/span><\/p><p><span style=\"font-weight: 400;\">As modalidades do Home Care s\u00e3o: Interna\u00e7\u00e3o Domiciliar e Assist\u00eancia Domiciliar.<\/span><\/p><p><span style=\"font-weight: 400;\">A interna\u00e7\u00e3o domiciliar \u00e9 uma alternativa \u00e0 interna\u00e7\u00e3o hospitalar. Nas situa\u00e7\u00f5es em\u00a0<\/span><span style=\"font-weight: 400;\">que o paciente apresenta um quadro cl\u00ednico complexo, por\u00e9m est\u00e1vel, e j\u00e1 possui\u00a0<\/span><span style=\"font-weight: 400;\">diagn\u00f3stico e tratamento definidos sem a necessidade cont\u00ednua de assist\u00eancia m\u00e9dica\u00a0<\/span><span style=\"font-weight: 400;\">24 horas.<\/span><\/p><p><span style=\"font-weight: 400;\">O paciente em interna\u00e7\u00e3o domiciliar tem necessidade de cuidados como, uso\u00a0<\/span><span style=\"font-weight: 400;\">de nutri\u00e7\u00e3o enteral, ventila\u00e7\u00e3o mec\u00e2nica invasiva, equipamentos, recursos humanos,\u00a0<\/span><span style=\"font-weight: 400;\">materiais e medicamentos. Com nossos servi\u00e7os \u00e9 poss\u00edvel dar continuidade aos\u00a0<\/span><span style=\"font-weight: 400;\">tratamentos indicados pela equipe m\u00e9dica conforme a necessidade de cuidado do\u00a0<\/span><span style=\"font-weight: 400;\">paciente.<\/span><\/p><\/div>\n                <\/div><\/div>\t\t<\/div>\n\t\t\t\t<\/div>\n\t\t\t\t\t<\/div>\n\t\t<\/div>\n\t\t\t\t\t<\/div>\n\t\t<\/section>\n\t\t\t\t<section data-particle_enable=\"false\" data-particle-mobile-disabled=\"false\" class=\"elementor-section elementor-top-section elementor-element elementor-element-3a429019 elementor-section-boxed elementor-section-height-default elementor-section-height-default\" data-id=\"3a429019\" data-element_type=\"section\" data-settings=\"{&quot;background_background&quot;:&quot;classic&quot;}\">\n\t\t\t\t\t\t<div class=\"elementor-container elementor-column-gap-no\">\n\t\t\t\t\t<div class=\"elementor-column elementor-col-100 elementor-top-column elementor-element elementor-element-7cff0cae\" data-id=\"7cff0cae\" data-element_type=\"column\">\n\t\t\t<div class=\"elementor-widget-wrap elementor-element-populated\">\n\t\t\t\t\t\t<div class=\"elementor-element elementor-element-7d5967b6 elementor-invisible elementor-widget elementor-widget-eael-cta-box\" data-id=\"7d5967b6\" data-element_type=\"widget\" data-settings=\"{&quot;_animation&quot;:&quot;fadeInUp&quot;}\" data-widget_type=\"eael-cta-box.default\">\n\t\t\t\t<div class=\"elementor-widget-container\">\n\t\t\t\t\t\t<div class=\"eael-call-to-action cta-flex bg-lite cta-preset-1\">\n\t    <div class=\"content\">\n            <h4 class=\"sub-title\">Fa\u00e7a seu or\u00e7amento conosco<\/h4><h2 class=\"title\">Retorno em at\u00e9 8 horas \u00fateis<\/h2>\t    <\/div>\n\t    <div class=\"action\">\n\t        <a href=\"https:\/\/api.whatsapp.com\/send?phone=5551990077782%20\" class=\"cta-button  \">Clique aqui<\/a>\t    <\/div>\n\t<\/div>\n\t\t\t\t\t<\/div>\n\t\t\t\t<\/div>\n\t\t\t\t\t<\/div>\n\t\t<\/div>\n\t\t\t\t\t<\/div>\n\t\t<\/section>\n\t\t\t\t<\/div>\n\t\t","protected":false},"excerpt":{"rendered":"<p>D\u00favidas Frequentes O que \u00e9 o Home Care e como contratar? Esse tipo de tratamento significa cuidado em casa. Quando h\u00e1 a prescri\u00e7\u00e3o m\u00e9dica para o paciente continuar o seu tratamento m\u00e9dico em sua\u00a0resid\u00eancia. O objetivo \u00e9, principalmente, oferecer ao paciente mais conforto durante o tratamento. Permitindo, portanto, que toda a assist\u00eancia seja\u00a0realizada em sua [&hellip;]<\/p>\n","protected":false},"author":1,"featured_media":0,"parent":0,"menu_order":0,"comment_status":"closed","ping_status":"closed","template":"elementor_header_footer","meta":{"_eb_attr":"","footnotes":""},"class_list":["post-1542","page","type-page","status-publish","hentry"],"_links":{"self":[{"href":"https:\/\/teste.flordelotusdigital.com.br\/index.php\/wp-json\/wp\/v2\/pages\/1542","targetHints":{"allow":["GET"]}}],"collection":[{"href":"https:\/\/teste.flordelotusdigital.com.br\/index.php\/wp-json\/wp\/v2\/pages"}],"about":[{"href":"https:\/\/teste.flordelotusdigital.com.br\/index.php\/wp-json\/wp\/v2\/types\/page"}],"author":[{"embeddable":true,"href":"https:\/\/teste.flordelotusdigital.com.br\/index.php\/wp-json\/wp\/v2\/users\/1"}],"replies":[{"embeddable":true,"href":"https:\/\/teste.flordelotusdigital.com.br\/index.php\/wp-json\/wp\/v2\/comments?post=1542"}],"version-history":[{"count":4,"href":"https:\/\/teste.flordelotusdigital.com.br\/index.php\/wp-json\/wp\/v2\/pages\/1542\/revisions"}],"predecessor-version":[{"id":1551,"href":"https:\/\/teste.flordelotusdigital.com.br\/index.php\/wp-json\/wp\/v2\/pages\/1542\/revisions\/1551"}],"wp:attachment":[{"href":"https:\/\/teste.flordelotusdigital.com.br\/index.php\/wp-json\/wp\/v2\/media?parent=1542"}],"curies":[{"name":"wp","href":"https:\/\/api.w.org\/{rel}","templated":true}]}}